{"id":7,"date":"2024-03-24T02:08:43","date_gmt":"2024-03-24T02:08:43","guid":{"rendered":"https:\/\/nogah.com.mx\/?page_id=7"},"modified":"2024-03-24T05:43:53","modified_gmt":"2024-03-24T05:43:53","slug":"home","status":"publish","type":"page","link":"https:\/\/nogah.com.mx\/","title":{"rendered":"Home"},"content":{"rendered":"\n<div class=\"wp-block-cover alignfull\" style=\"min-height:744px\"><span aria-hidden=\"true\" class=\"wp-block-cover__background has-background-dim-100 has-background-dim\" style=\"background-color:#2a1b4f\"><\/span><div class=\"wp-block-cover__inner-container is-layout-flow wp-block-cover-is-layout-flow\">\n<div class=\"inherit-container-width wp-block-group alignwide is-layout-constrained wp-block-group-is-layout-constrained\">\n<div class=\"wp-block-media-text alignwide has-media-on-the-right is-stacked-on-mobile is-vertically-aligned-center\" style=\"grid-template-columns:auto 56%\"><div class=\"wp-block-media-text__content\">\n<h2 class=\"wp-block-heading has-text-align-left has-white-color has-text-color\">Conectando Clientes y Audiencias<\/h2>\n\n\n\n<p>Creando estrategias para conectar con los medios tradicionales y digitales, logramos que nuestros clientes lleguen a sus audiencias objetivo.<\/p>\n\n\n\n<div class=\"wp-block-buttons is-layout-flex wp-block-buttons-is-layout-flex\">\n<div class=\"wp-block-button is-style-fill\"><a class=\"wp-block-button__link has-white-color has-text-color has-background has-link-color wp-element-button\" href=\"#\" style=\"background-color:#ccb138\">Contacto<\/a><\/div>\n<\/div>\n<\/div><figure class=\"wp-block-media-text__media\"><img loading=\"lazy\" decoding=\"async\" width=\"1024\" height=\"683\" src=\"http:\/\/nogah.com.mx\/wp-content\/uploads\/2024\/03\/VNU_M715_13-1024x683.png\" alt=\"\" class=\"wp-image-50 size-full\" srcset=\"https:\/\/nogah.com.mx\/wp-content\/uploads\/2024\/03\/VNU_M715_13-1024x683.png 1024w, https:\/\/nogah.com.mx\/wp-content\/uploads\/2024\/03\/VNU_M715_13-300x200.png 300w, https:\/\/nogah.com.mx\/wp-content\/uploads\/2024\/03\/VNU_M715_13-768x512.png 768w, https:\/\/nogah.com.mx\/wp-content\/uploads\/2024\/03\/VNU_M715_13-1536x1024.png 1536w, https:\/\/nogah.com.mx\/wp-content\/uploads\/2024\/03\/VNU_M715_13-2048x1365.png 2048w\" sizes=\"(max-width: 1024px) 100vw, 1024px\" \/><\/figure><\/div>\n<\/div>\n<\/div><\/div>\n\n\n\n<div class=\"wp-block-group alignfull has-ast-global-color-5-color has-text-color has-background has-link-color wp-elements-697b4b7015aa84f5d73bea5c1d042cf8 is-layout-constrained wp-container-core-group-layout-2 wp-block-group-is-layout-constrained\" style=\"background-color:#2a1b4f;padding-bottom:0px\">\n<h2 class=\"wp-block-heading has-ast-global-color-5-color has-text-color has-link-color wp-elements-1fe4e39049520275e46546ae904d241b\">Servicios<\/h2>\n\n\n\n<div class=\"wp-block-columns are-vertically-aligned-top is-layout-flex wp-container-core-columns-layout-1 wp-block-columns-is-layout-flex\">\n<div class=\"wp-block-column is-vertically-aligned-top is-layout-flow wp-container-core-column-layout-1 wp-block-column-is-layout-flow\">\n<figure class=\"wp-block-image size-large is-style-default\"><img decoding=\"async\" src=\"https:\/\/nogah.com.mx\/wp-content\/themes\/astra\/inc\/assets\/images\/starter-content\/building.svg\" alt=\"\" class=\"wp-image-134\"\/><\/figure>\n\n\n\n<h3 class=\"wp-block-heading has-text-align-left has-ast-global-color-5-color has-text-color has-link-color wp-elements-e47001c6e17d3fa8b12e08f7e6fff14b\" style=\"margin-top:16px\">Log\u00edstica de Eventos<\/h3>\n\n\n\n<p class=\"has-text-align-left\">Coordinamos detalles para presentaciones y lanzamientos exitosos<\/p>\n<\/div>\n\n\n\n<div class=\"wp-block-column is-vertically-aligned-top is-layout-flow wp-container-core-column-layout-2 wp-block-column-is-layout-flow\">\n<figure class=\"wp-block-image size-large\"><img decoding=\"async\" src=\"https:\/\/nogah.com.mx\/wp-content\/themes\/astra\/inc\/assets\/images\/starter-content\/shopping-bag.svg\" alt=\"\" class=\"wp-image-135\"\/><\/figure>\n\n\n\n<h3 class=\"wp-block-heading has-text-align-left has-ast-global-color-5-color has-text-color has-link-color wp-elements-2e2842a567c080ca52ac0c8c3d2f7539\" style=\"margin-top:16px\">Dise\u00f1o y Asesoramiento de Imagen<\/h3>\n\n\n\n<p class=\"has-text-align-left\">Ayudamos a personalidades y empresas a gestionar su imagen p\u00fablica ante diversos p\u00fablicos<\/p>\n<\/div>\n\n\n\n<div class=\"wp-block-column is-vertically-aligned-top is-layout-flow wp-container-core-column-layout-3 wp-block-column-is-layout-flow\">\n<figure class=\"wp-block-image size-large\"><img decoding=\"async\" src=\"https:\/\/nogah.com.mx\/wp-content\/themes\/astra\/inc\/assets\/images\/starter-content\/blog.svg\" alt=\"\" class=\"wp-image-136\"\/><\/figure>\n\n\n\n<h3 class=\"wp-block-heading has-text-align-left has-ast-global-color-5-color has-text-color has-link-color wp-elements-169190065bd14359b6d61e776c9d8e76\" style=\"margin-top:16px\">Relaciones P\u00fablicas<\/h3>\n\n\n\n<p class=\"has-text-align-left\">Estrategias de relaciones p\u00fablicas para fortalecer confianza y preferencia<\/p>\n<\/div>\n<\/div>\n<\/div>\n\n\n\n<div class=\"wp-block-group alignfull has-ast-global-color-5-color has-text-color has-background has-link-color wp-elements-9aae95f3eab045e8004a77629ac5478c is-layout-constrained wp-container-core-group-layout-3 wp-block-group-is-layout-constrained\" style=\"background-color:#2a1b4f;padding-bottom:0px\">\n<div class=\"wp-block-columns are-vertically-aligned-top is-layout-flex wp-container-core-columns-layout-2 wp-block-columns-is-layout-flex\">\n<div class=\"wp-block-column is-vertically-aligned-top is-layout-flow wp-container-core-column-layout-4 wp-block-column-is-layout-flow\">\n<figure class=\"wp-block-image size-large\"><img decoding=\"async\" src=\"https:\/\/nogah.com.mx\/wp-content\/themes\/astra\/inc\/assets\/images\/starter-content\/building.svg\" alt=\"\" class=\"wp-image-134\"\/><\/figure>\n\n\n\n<h3 class=\"wp-block-heading has-text-align-left has-ast-global-color-5-color has-text-color has-link-color wp-elements-c988d157d0f318d8cda531bbd30d770e\" style=\"margin-top:16px\">Gesti\u00f3n con Medios de Comunicaci\u00f3n<\/h3>\n\n\n\n<p class=\"has-text-align-left\">Estrategias para conectar a nuestros clientes con audiencias a trav\u00e9s de medios offline y online<\/p>\n<\/div>\n\n\n\n<div class=\"wp-block-column is-vertically-aligned-top is-layout-flow wp-container-core-column-layout-5 wp-block-column-is-layout-flow\">\n<figure class=\"wp-block-image size-large\"><img decoding=\"async\" src=\"https:\/\/nogah.com.mx\/wp-content\/themes\/astra\/inc\/assets\/images\/starter-content\/shopping-bag.svg\" alt=\"\" class=\"wp-image-135\"\/><\/figure>\n\n\n\n<h3 class=\"wp-block-heading has-text-align-left has-ast-global-color-5-color has-text-color has-link-color wp-elements-bccbf23b884e594fa0082e269c97a032\" style=\"margin-top:16px\">Estrategia de Marketing<\/h3>\n\n\n\n<p class=\"has-text-align-left\">Estrategias de comunicaci\u00f3n para fortalecer reputaci\u00f3n y v\u00ednculos con p\u00fablicos clave<\/p>\n<\/div>\n\n\n\n<div class=\"wp-block-column is-vertically-aligned-top is-layout-flow wp-container-core-column-layout-6 wp-block-column-is-layout-flow\"><\/div>\n<\/div>\n<\/div>\n\n\n\n<div class=\"wp-block-group alignfull has-background is-layout-constrained wp-container-core-group-layout-4 wp-block-group-is-layout-constrained\" id=\"services\" style=\"background-color:#2a1b4f;padding-top:144px;padding-bottom:0px\">\n<h2 class=\"wp-block-heading has-ast-global-color-5-color has-text-color has-link-color wp-elements-ac2ae2e86222a8a7713eec0b326a269f\">Portafolio<\/h2>\n\n\n\n<div class=\"wp-block-columns is-layout-flex wp-container-core-columns-layout-3 wp-block-columns-is-layout-flex\" style=\"margin-top:50px\">\n<div class=\"wp-block-column is-layout-flow wp-container-core-column-layout-7 wp-block-column-is-layout-flow\">\n<figure class=\"wp-block-image size-full\"><img loading=\"lazy\" decoding=\"async\" width=\"800\" height=\"580\" src=\"http:\/\/nogah.com.mx\/wp-content\/uploads\/2024\/03\/buxo.jpg\" alt=\"\" class=\"wp-image-55\" srcset=\"https:\/\/nogah.com.mx\/wp-content\/uploads\/2024\/03\/buxo.jpg 800w, https:\/\/nogah.com.mx\/wp-content\/uploads\/2024\/03\/buxo-300x218.jpg 300w, https:\/\/nogah.com.mx\/wp-content\/uploads\/2024\/03\/buxo-768x557.jpg 768w\" sizes=\"(max-width: 800px) 100vw, 800px\" \/><\/figure>\n\n\n\n<h3 class=\"wp-block-heading has-ast-global-color-5-color has-text-color has-link-color wp-elements-36fb268a1a1a7b5e6c4e2b8c985c4599\" style=\"margin-top:16px\">Bruxo<\/h3>\n\n\n\n<p>2012<\/p>\n<\/div>\n\n\n\n<div class=\"wp-block-column is-layout-flow wp-container-core-column-layout-8 wp-block-column-is-layout-flow\">\n<figure class=\"wp-block-image size-full\"><img loading=\"lazy\" decoding=\"async\" width=\"800\" height=\"580\" src=\"http:\/\/nogah.com.mx\/wp-content\/uploads\/2024\/03\/lanix.jpg\" alt=\"\" class=\"wp-image-60\" srcset=\"https:\/\/nogah.com.mx\/wp-content\/uploads\/2024\/03\/lanix.jpg 800w, https:\/\/nogah.com.mx\/wp-content\/uploads\/2024\/03\/lanix-300x218.jpg 300w, https:\/\/nogah.com.mx\/wp-content\/uploads\/2024\/03\/lanix-768x557.jpg 768w\" sizes=\"(max-width: 800px) 100vw, 800px\" \/><\/figure>\n\n\n\n<h3 class=\"wp-block-heading has-ast-global-color-5-color has-text-color has-link-color wp-elements-21d8fb4d2623dc6878ecd29ec10dfe7f\" style=\"margin-top:16px\">Lanix<\/h3>\n\n\n\n<p>2014<\/p>\n<\/div>\n\n\n\n<div class=\"wp-block-column is-layout-flow wp-container-core-column-layout-9 wp-block-column-is-layout-flow\">\n<figure class=\"wp-block-image size-full\"><img loading=\"lazy\" decoding=\"async\" width=\"800\" height=\"580\" src=\"http:\/\/nogah.com.mx\/wp-content\/uploads\/2024\/03\/Cinepolis.jpg\" alt=\"\" class=\"wp-image-57\" srcset=\"https:\/\/nogah.com.mx\/wp-content\/uploads\/2024\/03\/Cinepolis.jpg 800w, https:\/\/nogah.com.mx\/wp-content\/uploads\/2024\/03\/Cinepolis-300x218.jpg 300w, https:\/\/nogah.com.mx\/wp-content\/uploads\/2024\/03\/Cinepolis-768x557.jpg 768w\" sizes=\"(max-width: 800px) 100vw, 800px\" \/><\/figure>\n\n\n\n<h3 class=\"wp-block-heading has-ast-global-color-5-color has-text-color has-link-color wp-elements-f01e4b564a95eddefe1beec3fabbede2\" style=\"margin-top:16px\">Cin\u00e9polis<\/h3>\n\n\n\n<p>2016<\/p>\n<\/div>\n<\/div>\n\n\n\n<div class=\"wp-block-columns is-layout-flex wp-container-core-columns-layout-4 wp-block-columns-is-layout-flex\" style=\"margin-top:50px\">\n<div class=\"wp-block-column is-layout-flow wp-container-core-column-layout-10 wp-block-column-is-layout-flow\">\n<figure class=\"wp-block-image size-full\"><img loading=\"lazy\" decoding=\"async\" width=\"800\" height=\"580\" src=\"http:\/\/nogah.com.mx\/wp-content\/uploads\/2024\/03\/jimador.jpg\" alt=\"\" class=\"wp-image-59\" srcset=\"https:\/\/nogah.com.mx\/wp-content\/uploads\/2024\/03\/jimador.jpg 800w, https:\/\/nogah.com.mx\/wp-content\/uploads\/2024\/03\/jimador-300x218.jpg 300w, https:\/\/nogah.com.mx\/wp-content\/uploads\/2024\/03\/jimador-768x557.jpg 768w\" sizes=\"(max-width: 800px) 100vw, 800px\" \/><\/figure>\n\n\n\n<h3 class=\"wp-block-heading has-ast-global-color-5-color has-text-color has-link-color wp-elements-33110681f4c1202d7dadcd87cdb5b65c\" style=\"margin-top:16px\">Jimador<\/h3>\n\n\n\n<p>2018<\/p>\n<\/div>\n\n\n\n<div class=\"wp-block-column is-layout-flow wp-container-core-column-layout-11 wp-block-column-is-layout-flow\">\n<figure class=\"wp-block-image size-full\"><img loading=\"lazy\" decoding=\"async\" width=\"800\" height=\"580\" src=\"http:\/\/nogah.com.mx\/wp-content\/uploads\/2024\/03\/unilever.jpg\" alt=\"\" class=\"wp-image-62\" srcset=\"https:\/\/nogah.com.mx\/wp-content\/uploads\/2024\/03\/unilever.jpg 800w, https:\/\/nogah.com.mx\/wp-content\/uploads\/2024\/03\/unilever-300x218.jpg 300w, https:\/\/nogah.com.mx\/wp-content\/uploads\/2024\/03\/unilever-768x557.jpg 768w\" sizes=\"(max-width: 800px) 100vw, 800px\" \/><\/figure>\n\n\n\n<h3 class=\"wp-block-heading has-ast-global-color-5-color has-text-color has-link-color wp-elements-04ef0808c484ef3f25965e28d40e535a\" style=\"margin-top:16px\">Unilever<\/h3>\n\n\n\n<p>2020<\/p>\n<\/div>\n\n\n\n<div class=\"wp-block-column is-layout-flow wp-container-core-column-layout-12 wp-block-column-is-layout-flow\">\n<figure class=\"wp-block-image size-full\"><img loading=\"lazy\" decoding=\"async\" width=\"800\" height=\"580\" src=\"http:\/\/nogah.com.mx\/wp-content\/uploads\/2024\/03\/avon.jpg\" alt=\"\" class=\"wp-image-54\" srcset=\"https:\/\/nogah.com.mx\/wp-content\/uploads\/2024\/03\/avon.jpg 800w, https:\/\/nogah.com.mx\/wp-content\/uploads\/2024\/03\/avon-300x218.jpg 300w, https:\/\/nogah.com.mx\/wp-content\/uploads\/2024\/03\/avon-768x557.jpg 768w\" sizes=\"(max-width: 800px) 100vw, 800px\" \/><\/figure>\n\n\n\n<h3 class=\"wp-block-heading has-ast-global-color-5-color has-text-color has-link-color wp-elements-7b698cb7d66082c0317c098e8537ccd9\" style=\"margin-top:16px\">Netflix<\/h3>\n\n\n\n<p>2022<\/p>\n<\/div>\n<\/div>\n<\/div>\n\n\n\n<div class=\"wp-block-group alignfull has-background is-layout-constrained wp-block-group-is-layout-constrained\" id=\"about\" style=\"background-color:#2a1b4f;padding-top:143px;padding-bottom:144px\">\n<div style=\"height:0px;width:0px\" aria-hidden=\"true\" class=\"wp-block-spacer\"><\/div>\n\n\n\n<div class=\"wp-block-columns is-layout-flex wp-container-core-columns-layout-5 wp-block-columns-is-layout-flex\">\n<div class=\"wp-block-column is-layout-flow wp-block-column-is-layout-flow\">\n<h2 class=\"wp-block-heading has-ast-global-color-5-color has-text-color has-link-color wp-elements-257468a78120d4d3ca6d5489caa5714f\" style=\"padding-right:40px\">Queremos trabajar contigo<\/h2>\n\n\n\n<p>Estaremos encantados de reunirnos contigo.<\/p>\n<\/div>\n\n\n\n<div class=\"wp-block-column is-layout-flow wp-block-column-is-layout-flow\"><style id=\"wpforms-css-vars-root\">\n\t\t\t\t:root {\n\t\t\t\t\t--wpforms-field-border-radius: 3px;\n--wpforms-field-background-color: #ffffff;\n--wpforms-field-border-color: rgba( 0, 0, 0, 0.25 );\n--wpforms-field-text-color: rgba( 0, 0, 0, 0.7 );\n--wpforms-label-color: rgba( 0, 0, 0, 0.85 );\n--wpforms-label-sublabel-color: rgba( 0, 0, 0, 0.55 );\n--wpforms-label-error-color: #d63637;\n--wpforms-button-border-radius: 3px;\n--wpforms-button-background-color: #066aab;\n--wpforms-button-text-color: #ffffff;\n--wpforms-field-size-input-height: 43px;\n--wpforms-field-size-input-spacing: 15px;\n--wpforms-field-size-font-size: 16px;\n--wpforms-field-size-line-height: 19px;\n--wpforms-field-size-padding-h: 14px;\n--wpforms-field-size-checkbox-size: 16px;\n--wpforms-field-size-sublabel-spacing: 5px;\n--wpforms-field-size-icon-size: 1;\n--wpforms-label-size-font-size: 16px;\n--wpforms-label-size-line-height: 19px;\n--wpforms-label-size-sublabel-font-size: 14px;\n--wpforms-label-size-sublabel-line-height: 17px;\n--wpforms-button-size-font-size: 17px;\n--wpforms-button-size-height: 41px;\n--wpforms-button-size-padding-h: 15px;\n--wpforms-button-size-margin-top: 10px;\n\n\t\t\t\t}\n\t\t\t<\/style><style id=\"wpforms-css-vars-67-block-53302829-9958-4da4-ad00-2070ce80c7a5\">\n\t\t\t\t#wpforms-67.wpforms-block-53302829-9958-4da4-ad00-2070ce80c7a5 {\n\t\t\t\t\t--wpforms-field-background-color: var(--ast-global-color-5);\n--wpforms-field-text-color: var(--ast-global-color-8);\n--wpforms-label-color: var(--ast-global-color-5);\n--wpforms-label-sublabel-color: #ccb138;\n--wpforms-label-error-color: var(--ast-global-color-7);\n--wpforms-button-background-color: #ccb138;\n\n\t\t\t\t}\n\t\t\t<\/style><div class=\"wpforms-container wpforms-container-full wpforms-block wpforms-block-53302829-9958-4da4-ad00-2070ce80c7a5 wpforms-render-modern\" id=\"wpforms-67\"><form id=\"wpforms-form-67\" class=\"wpforms-validate wpforms-form wpforms-ajax-form\" data-formid=\"67\" method=\"post\" enctype=\"multipart\/form-data\" action=\"\/index.php?rest_route=%2Fwp%2Fv2%2Fpages%2F7\" data-token=\"99d34195f78e71a489b1c81d6ac24142\"><noscript class=\"wpforms-error-noscript\">Please enable JavaScript in your browser to complete this form.<\/noscript><div class=\"wpforms-hidden\" id=\"wpforms-error-noscript\">Please enable JavaScript in your browser to complete this form.<\/div><div class=\"wpforms-field-container\"><div id=\"wpforms-67-field_0-container\" class=\"wpforms-field wpforms-field-name\" data-field-id=\"0\"><fieldset><legend class=\"wpforms-field-label\">Nombre <span class=\"wpforms-required-label\" aria-hidden=\"true\">*<\/span><\/legend><div class=\"wpforms-field-row wpforms-field-medium\"><div class=\"wpforms-field-row-block wpforms-first wpforms-one-half\"><input type=\"text\" id=\"wpforms-67-field_0\" class=\"wpforms-field-name-first wpforms-field-required\" name=\"wpforms[fields][0][first]\" aria-errormessage=\"wpforms-67-field_0-error\" required><label for=\"wpforms-67-field_0\" class=\"wpforms-field-sublabel after \">First<\/label><\/div><div class=\"wpforms-field-row-block wpforms-one-half\"><input type=\"text\" id=\"wpforms-67-field_0-last\" class=\"wpforms-field-name-last wpforms-field-required\" name=\"wpforms[fields][0][last]\" aria-errormessage=\"wpforms-67-field_0-last-error\" required><label for=\"wpforms-67-field_0-last\" class=\"wpforms-field-sublabel after \">Last<\/label><\/div><\/div><\/fieldset><\/div><div id=\"wpforms-67-field_1-container\" class=\"wpforms-field wpforms-field-email\" data-field-id=\"1\"><label class=\"wpforms-field-label\" for=\"wpforms-67-field_1\">Correo electr\u00f3nico <span class=\"wpforms-required-label\" aria-hidden=\"true\">*<\/span><\/label><input type=\"email\" id=\"wpforms-67-field_1\" class=\"wpforms-field-medium wpforms-field-required\" name=\"wpforms[fields][1]\" spellcheck=\"false\" aria-errormessage=\"wpforms-67-field_1-error\" required><\/div><div id=\"wpforms-67-field_2-container\" class=\"wpforms-field wpforms-field-textarea\" data-field-id=\"2\"><label class=\"wpforms-field-label\" for=\"wpforms-67-field_2\">Comentario o mensaje<\/label><textarea id=\"wpforms-67-field_2\" class=\"wpforms-field-medium\" name=\"wpforms[fields][2]\" aria-errormessage=\"wpforms-67-field_2-error\" ><\/textarea><\/div><\/div><!-- .wpforms-field-container --><div class=\"wpforms-submit-container\" ><input type=\"hidden\" name=\"wpforms[id]\" value=\"67\"><input type=\"hidden\" name=\"wpforms[author]\" value=\"1\"><button type=\"submit\" name=\"wpforms[submit]\" id=\"wpforms-submit-67\" class=\"wpforms-submit\" data-alt-text=\"Enviando...\" data-submit-text=\"Enviar\" aria-live=\"assertive\" value=\"wpforms-submit\">Enviar<\/button><img loading=\"lazy\" decoding=\"async\" src=\"https:\/\/nogah.com.mx\/wp-content\/plugins\/wpforms-lite\/assets\/images\/submit-spin.svg\" class=\"wpforms-submit-spinner\" style=\"display: none;\" width=\"26\" height=\"26\" alt=\"Loading\"><\/div><\/form><\/div>  <!-- .wpforms-container --><\/div>\n<\/div>\n<\/div>\n","protected":false},"excerpt":{"rendered":"<p>Servicios Log\u00edstica de Eventos Coordinamos detalles para presentaciones y lanzamientos exitosos Dise\u00f1o y Asesoramiento de Imagen Ayudamos a personalidades y [&hellip;]<\/p>\n","protected":false},"author":1,"featured_media":0,"parent":0,"menu_order":0,"comment_status":"closed","ping_status":"closed","template":"","meta":{"site-sidebar-layout":"no-sidebar","site-content-layout":"plain-container","ast-site-content-layout":"","site-content-style":"default","site-sidebar-style":"default","ast-global-header-display":"","ast-banner-title-visibility":"","ast-main-header-display":"","ast-hfb-above-header-display":"","ast-hfb-below-header-display":"","ast-hfb-mobile-header-display":"","site-post-title":"disabled","ast-breadcrumbs-content":"","ast-featured-img":"","footer-sml-layout":"","theme-transparent-header-meta":"enabled","adv-header-id-meta":"","stick-header-meta":"","header-above-stick-meta":"","header-main-stick-meta":"","header-below-stick-meta":"","astra-migrate-meta-layouts":"default","ast-page-background-enabled":"default","ast-page-background-meta":{"desktop":{"background-color":"var(--ast-global-color-4)","background-image":"","background-repeat":"repeat","background-position":"center center","background-size":"auto","background-attachment":"scroll","background-type":"","background-media":"","overlay-type":"","overlay-color":"","overlay-gradient":""},"tablet":{"background-color":"","background-image":"","background-repeat":"repeat","background-position":"center center","background-size":"auto","background-attachment":"scroll","background-type":"","background-media":"","overlay-type":"","overlay-color":"","overlay-gradient":""},"mobile":{"background-color":"","background-image":"","background-repeat":"repeat","background-position":"center center","background-size":"auto","background-attachment":"scroll","background-type":"","background-media":"","overlay-type":"","overlay-color":"","overlay-gradient":""}},"ast-content-background-meta":{"desktop":{"background-color":"var(--ast-global-color-5)","background-image":"","background-repeat":"repeat","background-position":"center center","background-size":"auto","background-attachment":"scroll","background-type":"","background-media":"","overlay-type":"","overlay-color":"","overlay-gradient":""},"tablet":{"background-color":"var(--ast-global-color-5)","background-image":"","background-repeat":"repeat","background-position":"center center","background-size":"auto","background-attachment":"scroll","background-type":"","background-media":"","overlay-type":"","overlay-color":"","overlay-gradient":""},"mobile":{"background-color":"var(--ast-global-color-5)","background-image":"","background-repeat":"repeat","background-position":"center center","background-size":"auto","background-attachment":"scroll","background-type":"","background-media":"","overlay-type":"","overlay-color":"","overlay-gradient":""}},"footnotes":""},"_links":{"self":[{"href":"https:\/\/nogah.com.mx\/index.php?rest_route=\/wp\/v2\/pages\/7"}],"collection":[{"href":"https:\/\/nogah.com.mx\/index.php?rest_route=\/wp\/v2\/pages"}],"about":[{"href":"https:\/\/nogah.com.mx\/index.php?rest_route=\/wp\/v2\/types\/page"}],"author":[{"embeddable":true,"href":"https:\/\/nogah.com.mx\/index.php?rest_route=\/wp\/v2\/users\/1"}],"replies":[{"embeddable":true,"href":"https:\/\/nogah.com.mx\/index.php?rest_route=%2Fwp%2Fv2%2Fcomments&post=7"}],"version-history":[{"count":47,"href":"https:\/\/nogah.com.mx\/index.php?rest_route=\/wp\/v2\/pages\/7\/revisions"}],"predecessor-version":[{"id":113,"href":"https:\/\/nogah.com.mx\/index.php?rest_route=\/wp\/v2\/pages\/7\/revisions\/113"}],"wp:attachment":[{"href":"https:\/\/nogah.com.mx\/index.php?rest_route=%2Fwp%2Fv2%2Fmedia&parent=7"}],"curies":[{"name":"wp","href":"https:\/\/api.w.org\/{rel}","templated":true}]}}